{"id":116,"date":"2014-01-18T23:04:05","date_gmt":"2014-01-18T21:04:05","guid":{"rendered":"http:\/\/www.psychotherapie-fackler.de\/?page_id=116"},"modified":"2015-12-15T18:19:57","modified_gmt":"2015-12-15T17:19:57","slug":"praxis-anfahrt","status":"publish","type":"page","link":"https:\/\/www.psychotherapie-fackler.de\/index.php\/kontakt\/praxis-anfahrt\/","title":{"rendered":"Praxis &#038; Anfahrt"},"content":{"rendered":"<p><b><a href=\"..\/..\/..\/wp-content\/uploads\/2014\/01\/Maurice-low-size-1-von-6.jpg\"><img loading=\"lazy\" decoding=\"async\" class=\"alignleft size-full wp-image-343\" src=\"..\/..\/..\/wp-content\/uploads\/2014\/01\/Maurice-low-size-1-von-6.jpg\" alt=\"Maurice Fackler\" width=\"190\" height=\"127\" \/><\/a>Adresse:<\/b>Praxisgemeinschaft f\u00fcr Psychotherapie &amp; Coaching<br \/>\nDipl.-Psych. Maurice Fackler<br \/>\nHohenstaufenring 39<br \/>\n50674 K\u00f6ln<br \/>\n<b>Erreichbarkeit:<\/b><br \/>\n<span style=\"color: #269da0;\">Mit dem Auto<\/span>:\u00a0In direkter N\u00e4he k\u00f6nnen Sie im \u00f6ffentlichen Parkhaus (Tiefgarage Hohenstaufenring) parken.<\/p>\n<p><span style=\"color: #269da0;\">Mit \u00f6ffentlichen Verkehrsmitteln<\/span>:\u00a0Die in unmittelbarer N\u00e4he zur Praxis gelegene Haltestelle ist \u201e<em>Z\u00fclpicher Platz<\/em>\u201c, welche Sie mit den Stadtbahnlinien 12 und 15 erreichen k\u00f6nnen.\u00a0Alternativ k\u00f6nnen Sie auch von den nahe gelegenen Haltestellen \u201e<em>Rudolfplatz<\/em>\u201c (Stadtbahnlinien 1 und 7), \u201e<em>Barbarossaplatz<\/em>\u201c (Stadtbahnlinien 16 und 18) oder \u201e<em>Dasselstr. \/ Bf S\u00fcd<\/em>\u201c (Stadtbahnlinie 9 sowie diverse Regionalverkehrslinien) die Praxis fu\u00dfl\u00e4ufig gut erreichen.<\/p>\n","protected":false},"excerpt":{"rendered":"<p>Adresse:Praxisgemeinschaft f\u00fcr Psychotherapie &amp; Coaching Dipl.-Psych. Maurice Fackler Hohenstaufenring 39 50674 K\u00f6ln Erreichbarkeit: Mit dem Auto:\u00a0In direkter N\u00e4he k\u00f6nnen Sie im \u00f6ffentlichen Parkhaus (Tiefgarage Hohenstaufenring) parken. Mit \u00f6ffentlichen Verkehrsmitteln:\u00a0Die in unmittelbarer N\u00e4he zur Praxis gelegene Haltestelle ist \u201eZ\u00fclpicher Platz\u201c, welche Sie mit den Stadtbahnlinien 12 und 15 erreichen k\u00f6nnen.\u00a0Alternativ k\u00f6nnen Sie auch von den nahe [&hellip;]<\/p>\n","protected":false},"author":1,"featured_media":0,"parent":98,"menu_order":1,"comment_status":"closed","ping_status":"closed","template":"","meta":{"footnotes":""},"class_list":["post-116","page","type-page","status-publish","hentry"],"yoast_head":"<!-- This site is optimized with the Yoast SEO plugin v23.6 - https:\/\/yoast.com\/wordpress\/plugins\/seo\/ -->\n<title>Praxis &amp; Anfahrt - Praxis f\u00fcr Psychotherapie &amp; Coaching in K\u00f6ln<\/title>\n<meta name=\"robots\" content=\"index, follow, max-snippet:-1, max-image-preview:large, max-video-preview:-1\" \/>\n<link rel=\"canonical\" href=\"https:\/\/www.psychotherapie-fackler.de\/index.php\/kontakt\/praxis-anfahrt\/\" \/>\n<script type=\"application\/ld+json\" class=\"yoast-schema-graph\">{\"@context\":\"https:\/\/schema.org\",\"@graph\":[{\"@type\":\"WebPage\",\"@id\":\"https:\/\/www.psychotherapie-fackler.de\/index.php\/kontakt\/praxis-anfahrt\/\",\"url\":\"https:\/\/www.psychotherapie-fackler.de\/index.php\/kontakt\/praxis-anfahrt\/\",\"name\":\"Praxis & Anfahrt - Praxis f\u00fcr Psychotherapie &amp; Coaching in K\u00f6ln\",\"isPartOf\":{\"@id\":\"https:\/\/www.psychotherapie-fackler.de\/#website\"},\"datePublished\":\"2014-01-18T21:04:05+00:00\",\"dateModified\":\"2015-12-15T17:19:57+00:00\",\"breadcrumb\":{\"@id\":\"https:\/\/www.psychotherapie-fackler.de\/index.php\/kontakt\/praxis-anfahrt\/#breadcrumb\"},\"inLanguage\":\"de\",\"potentialAction\":[{\"@type\":\"ReadAction\",\"target\":[\"https:\/\/www.psychotherapie-fackler.de\/index.php\/kontakt\/praxis-anfahrt\/\"]}]},{\"@type\":\"BreadcrumbList\",\"@id\":\"https:\/\/www.psychotherapie-fackler.de\/index.php\/kontakt\/praxis-anfahrt\/#breadcrumb\",\"itemListElement\":[{\"@type\":\"ListItem\",\"position\":1,\"name\":\"Startseite\",\"item\":\"https:\/\/www.psychotherapie-fackler.de\/\"},{\"@type\":\"ListItem\",\"position\":2,\"name\":\"Kontakt\",\"item\":\"https:\/\/www.psychotherapie-fackler.de\/index.php\/kontakt\/\"},{\"@type\":\"ListItem\",\"position\":3,\"name\":\"Praxis &#038; Anfahrt\"}]},{\"@type\":\"WebSite\",\"@id\":\"https:\/\/www.psychotherapie-fackler.de\/#website\",\"url\":\"https:\/\/www.psychotherapie-fackler.de\/\",\"name\":\"Praxis f\u00fcr Psychotherapie &amp; Coaching in K\u00f6ln\",\"description\":\"\",\"potentialAction\":[{\"@type\":\"SearchAction\",\"target\":{\"@type\":\"EntryPoint\",\"urlTemplate\":\"https:\/\/www.psychotherapie-fackler.de\/?s={search_term_string}\"},\"query-input\":{\"@type\":\"PropertyValueSpecification\",\"valueRequired\":true,\"valueName\":\"search_term_string\"}}],\"inLanguage\":\"de\"}]}<\/script>\n<!-- \/ Yoast SEO plugin. -->","yoast_head_json":{"title":"Praxis & Anfahrt - Praxis f\u00fcr Psychotherapie &amp; Coaching in K\u00f6ln","robots":{"index":"index","follow":"follow","max-snippet":"max-snippet:-1","max-image-preview":"max-image-preview:large","max-video-preview":"max-video-preview:-1"},"canonical":"https:\/\/www.psychotherapie-fackler.de\/index.php\/kontakt\/praxis-anfahrt\/","schema":{"@context":"https:\/\/schema.org","@graph":[{"@type":"WebPage","@id":"https:\/\/www.psychotherapie-fackler.de\/index.php\/kontakt\/praxis-anfahrt\/","url":"https:\/\/www.psychotherapie-fackler.de\/index.php\/kontakt\/praxis-anfahrt\/","name":"Praxis & Anfahrt - Praxis f\u00fcr Psychotherapie &amp; Coaching in K\u00f6ln","isPartOf":{"@id":"https:\/\/www.psychotherapie-fackler.de\/#website"},"datePublished":"2014-01-18T21:04:05+00:00","dateModified":"2015-12-15T17:19:57+00:00","breadcrumb":{"@id":"https:\/\/www.psychotherapie-fackler.de\/index.php\/kontakt\/praxis-anfahrt\/#breadcrumb"},"inLanguage":"de","potentialAction":[{"@type":"ReadAction","target":["https:\/\/www.psychotherapie-fackler.de\/index.php\/kontakt\/praxis-anfahrt\/"]}]},{"@type":"BreadcrumbList","@id":"https:\/\/www.psychotherapie-fackler.de\/index.php\/kontakt\/praxis-anfahrt\/#breadcrumb","itemListElement":[{"@type":"ListItem","position":1,"name":"Startseite","item":"https:\/\/www.psychotherapie-fackler.de\/"},{"@type":"ListItem","position":2,"name":"Kontakt","item":"https:\/\/www.psychotherapie-fackler.de\/index.php\/kontakt\/"},{"@type":"ListItem","position":3,"name":"Praxis &#038; Anfahrt"}]},{"@type":"WebSite","@id":"https:\/\/www.psychotherapie-fackler.de\/#website","url":"https:\/\/www.psychotherapie-fackler.de\/","name":"Praxis f\u00fcr Psychotherapie &amp; Coaching in K\u00f6ln","description":"","potentialAction":[{"@type":"SearchAction","target":{"@type":"EntryPoint","urlTemplate":"https:\/\/www.psychotherapie-fackler.de\/?s={search_term_string}"},"query-input":{"@type":"PropertyValueSpecification","valueRequired":true,"valueName":"search_term_string"}}],"inLanguage":"de"}]}},"_links":{"self":[{"href":"https:\/\/www.psychotherapie-fackler.de\/index.php\/wp-json\/wp\/v2\/pages\/116"}],"collection":[{"href":"https:\/\/www.psychotherapie-fackler.de\/index.php\/wp-json\/wp\/v2\/pages"}],"about":[{"href":"https:\/\/www.psychotherapie-fackler.de\/index.php\/wp-json\/wp\/v2\/types\/page"}],"author":[{"embeddable":true,"href":"https:\/\/www.psychotherapie-fackler.de\/index.php\/wp-json\/wp\/v2\/users\/1"}],"replies":[{"embeddable":true,"href":"https:\/\/www.psychotherapie-fackler.de\/index.php\/wp-json\/wp\/v2\/comments?post=116"}],"version-history":[{"count":38,"href":"https:\/\/www.psychotherapie-fackler.de\/index.php\/wp-json\/wp\/v2\/pages\/116\/revisions"}],"predecessor-version":[{"id":440,"href":"https:\/\/www.psychotherapie-fackler.de\/index.php\/wp-json\/wp\/v2\/pages\/116\/revisions\/440"}],"up":[{"embeddable":true,"href":"https:\/\/www.psychotherapie-fackler.de\/index.php\/wp-json\/wp\/v2\/pages\/98"}],"wp:attachment":[{"href":"https:\/\/www.psychotherapie-fackler.de\/index.php\/wp-json\/wp\/v2\/media?parent=116"}],"curies":[{"name":"wp","href":"https:\/\/api.w.org\/{rel}","templated":true}]}}