{"id":12,"date":"2014-01-11T21:43:52","date_gmt":"2014-01-11T19:43:52","guid":{"rendered":"http:\/\/maurice.aspekte.net\/?page_id=12"},"modified":"2015-12-15T18:00:36","modified_gmt":"2015-12-15T17:00:36","slug":"startseite","status":"publish","type":"page","link":"https:\/\/www.psychotherapie-fackler.de\/","title":{"rendered":"Willkommen"},"content":{"rendered":"<p><!--more--[metaslider id=--><\/p>\n<p><a href=\"wp-content\/uploads\/2014\/01\/Maurice-middle120-size-3-von-6.jpg\"><img loading=\"lazy\" decoding=\"async\" class=\"alignnone size-full wp-image-372\" src=\"wp-content\/uploads\/2014\/01\/Maurice-middle120-size-3-von-6.jpg\" alt=\"Praxis\" width=\"228\" height=\"152\" align=\"right\" \/><\/a><\/p>\n<h2>Krisen \u00fcberwinden, H\u00fcrden bew\u00e4ltigen, Ziele erreichen.<\/h2>\n<p>Sie sind an einem Punkt in Ihrem Leben angekommen, an dem Sie nicht mehr weiterwissen?<\/p>\n<p>Sie m\u00f6chten Ihr Leben ver\u00e4ndern, aber wissen nicht wie?<\/p>\n<p>Sie suchen <a title=\"Psychotherapie: Verhaltenstherapie\" href=\"http:\/\/www.psychotherapie-fackler.de\/index.php\/verhaltenstherapie\/\">psychotherapeutische Hilfe<\/a>?<\/p>\n<p>Oder Sie m\u00f6chten sich pers\u00f6nlich weiterentwickeln und suchen Unterst\u00fctzung?<\/p>\n<p>Wo wollen Sie hin? Wer wollen Sie sein?<\/p>\n<p>Wie k\u00f6nnen Sie Ihre Ziele erreichen?<\/p>\n<p><strong>Grundlegende Fragen, bei deren Suche nach Antworten ich Ihnen unterst\u00fctzend zur Seite stehen m\u00f6chte.<\/strong><\/p>\n","protected":false},"excerpt":{"rendered":"","protected":false},"author":1,"featured_media":0,"parent":0,"menu_order":0,"comment_status":"closed","ping_status":"closed","template":"","meta":{"footnotes":""},"class_list":["post-12","page","type-page","status-publish","hentry"],"yoast_head":"<!-- This site is optimized with the Yoast SEO plugin v27.4 - https:\/\/yoast.com\/product\/yoast-seo-wordpress\/ -->\n<title>Psychotherapie, Beratung &amp; Coaching in K\u00f6ln Neustadt-S\u00fcd<\/title>\n<meta name=\"description\" content=\"Suchen Sie psychotherapeutische Hilfe, ben\u00f6tigen Sie Beratung oder Coaching in Ihrer aktuellen Lebenssituation? Ich helfe Ihnen, Ihre Ziele zu erreichen.\" \/>\n<meta name=\"robots\" content=\"index, follow, max-snippet:-1, max-image-preview:large, max-video-preview:-1\" \/>\n<link rel=\"canonical\" href=\"https:\/\/www.psychotherapie-fackler.de\/\" \/>\n<script type=\"application\/ld+json\" class=\"yoast-schema-graph\">{\"@context\":\"https:\\\/\\\/schema.org\",\"@graph\":[{\"@type\":\"WebPage\",\"@id\":\"https:\\\/\\\/www.psychotherapie-fackler.de\\\/\",\"url\":\"https:\\\/\\\/www.psychotherapie-fackler.de\\\/\",\"name\":\"Psychotherapie, Beratung & Coaching in K\u00f6ln Neustadt-S\u00fcd\",\"isPartOf\":{\"@id\":\"https:\\\/\\\/www.psychotherapie-fackler.de\\\/#website\"},\"datePublished\":\"2014-01-11T19:43:52+00:00\",\"dateModified\":\"2015-12-15T17:00:36+00:00\",\"description\":\"Suchen Sie psychotherapeutische Hilfe, ben\u00f6tigen Sie Beratung oder Coaching in Ihrer aktuellen Lebenssituation? Ich helfe Ihnen, Ihre Ziele zu erreichen.\",\"breadcrumb\":{\"@id\":\"https:\\\/\\\/www.psychotherapie-fackler.de\\\/#breadcrumb\"},\"inLanguage\":\"de\",\"potentialAction\":[{\"@type\":\"ReadAction\",\"target\":[\"https:\\\/\\\/www.psychotherapie-fackler.de\\\/\"]}]},{\"@type\":\"BreadcrumbList\",\"@id\":\"https:\\\/\\\/www.psychotherapie-fackler.de\\\/#breadcrumb\",\"itemListElement\":[{\"@type\":\"ListItem\",\"position\":1,\"name\":\"Startseite\",\"item\":\"https:\\\/\\\/www.psychotherapie-fackler.de\\\/\"},{\"@type\":\"ListItem\",\"position\":2,\"name\":\"Willkommen\"}]},{\"@type\":\"WebSite\",\"@id\":\"https:\\\/\\\/www.psychotherapie-fackler.de\\\/#website\",\"url\":\"https:\\\/\\\/www.psychotherapie-fackler.de\\\/\",\"name\":\"Praxis f\u00fcr Psychotherapie &amp; Coaching in K\u00f6ln\",\"description\":\"\",\"potentialAction\":[{\"@type\":\"SearchAction\",\"target\":{\"@type\":\"EntryPoint\",\"urlTemplate\":\"https:\\\/\\\/www.psychotherapie-fackler.de\\\/?s={search_term_string}\"},\"query-input\":{\"@type\":\"PropertyValueSpecification\",\"valueRequired\":true,\"valueName\":\"search_term_string\"}}],\"inLanguage\":\"de\"}]}<\/script>\n<!-- \/ Yoast SEO plugin. -->","yoast_head_json":{"title":"Psychotherapie, Beratung & Coaching in K\u00f6ln Neustadt-S\u00fcd","description":"Suchen Sie psychotherapeutische Hilfe, ben\u00f6tigen Sie Beratung oder Coaching in Ihrer aktuellen Lebenssituation? Ich helfe Ihnen, Ihre Ziele zu erreichen.","robots":{"index":"index","follow":"follow","max-snippet":"max-snippet:-1","max-image-preview":"max-image-preview:large","max-video-preview":"max-video-preview:-1"},"canonical":"https:\/\/www.psychotherapie-fackler.de\/","schema":{"@context":"https:\/\/schema.org","@graph":[{"@type":"WebPage","@id":"https:\/\/www.psychotherapie-fackler.de\/","url":"https:\/\/www.psychotherapie-fackler.de\/","name":"Psychotherapie, Beratung & Coaching in K\u00f6ln Neustadt-S\u00fcd","isPartOf":{"@id":"https:\/\/www.psychotherapie-fackler.de\/#website"},"datePublished":"2014-01-11T19:43:52+00:00","dateModified":"2015-12-15T17:00:36+00:00","description":"Suchen Sie psychotherapeutische Hilfe, ben\u00f6tigen Sie Beratung oder Coaching in Ihrer aktuellen Lebenssituation? Ich helfe Ihnen, Ihre Ziele zu erreichen.","breadcrumb":{"@id":"https:\/\/www.psychotherapie-fackler.de\/#breadcrumb"},"inLanguage":"de","potentialAction":[{"@type":"ReadAction","target":["https:\/\/www.psychotherapie-fackler.de\/"]}]},{"@type":"BreadcrumbList","@id":"https:\/\/www.psychotherapie-fackler.de\/#breadcrumb","itemListElement":[{"@type":"ListItem","position":1,"name":"Startseite","item":"https:\/\/www.psychotherapie-fackler.de\/"},{"@type":"ListItem","position":2,"name":"Willkommen"}]},{"@type":"WebSite","@id":"https:\/\/www.psychotherapie-fackler.de\/#website","url":"https:\/\/www.psychotherapie-fackler.de\/","name":"Praxis f\u00fcr Psychotherapie &amp; Coaching in K\u00f6ln","description":"","potentialAction":[{"@type":"SearchAction","target":{"@type":"EntryPoint","urlTemplate":"https:\/\/www.psychotherapie-fackler.de\/?s={search_term_string}"},"query-input":{"@type":"PropertyValueSpecification","valueRequired":true,"valueName":"search_term_string"}}],"inLanguage":"de"}]}},"_links":{"self":[{"href":"https:\/\/www.psychotherapie-fackler.de\/index.php\/wp-json\/wp\/v2\/pages\/12","targetHints":{"allow":["GET"]}}],"collection":[{"href":"https:\/\/www.psychotherapie-fackler.de\/index.php\/wp-json\/wp\/v2\/pages"}],"about":[{"href":"https:\/\/www.psychotherapie-fackler.de\/index.php\/wp-json\/wp\/v2\/types\/page"}],"author":[{"embeddable":true,"href":"https:\/\/www.psychotherapie-fackler.de\/index.php\/wp-json\/wp\/v2\/users\/1"}],"replies":[{"embeddable":true,"href":"https:\/\/www.psychotherapie-fackler.de\/index.php\/wp-json\/wp\/v2\/comments?post=12"}],"version-history":[{"count":31,"href":"https:\/\/www.psychotherapie-fackler.de\/index.php\/wp-json\/wp\/v2\/pages\/12\/revisions"}],"predecessor-version":[{"id":431,"href":"https:\/\/www.psychotherapie-fackler.de\/index.php\/wp-json\/wp\/v2\/pages\/12\/revisions\/431"}],"wp:attachment":[{"href":"https:\/\/www.psychotherapie-fackler.de\/index.php\/wp-json\/wp\/v2\/media?parent=12"}],"curies":[{"name":"wp","href":"https:\/\/api.w.org\/{rel}","templated":true}]}}