{"id":201,"date":"2014-01-28T01:00:08","date_gmt":"2014-01-27T23:00:08","guid":{"rendered":"http:\/\/www.psychotherapie-fackler.de\/?page_id=201"},"modified":"2018-05-26T17:57:19","modified_gmt":"2018-05-26T16:57:19","slug":"kontaktformular","status":"publish","type":"page","link":"https:\/\/www.psychotherapie-fackler.de\/index.php\/kontakt\/kontaktformular\/","title":{"rendered":"Kontaktformular"},"content":{"rendered":"<p style=\"text-align: left;\"><span style=\"color: #269da0;\"><strong>Ihre Daten werden selbstverst\u00e4ndlich vertraulich behandelt und nicht an Dritte weitergegeben.  Ihre Email-Adresse ausschlie\u00dflich f\u00fcr die Korrespondenz mit Ihnen verwendet. Eine Weitergabe an Dritte erfolgt nicht. Dennoch weise ich darauf hin, dass ein l\u00fcckenloser Schutz der Daten vor dem Zugriff durch Dritte im Internet nicht m\u00f6glich ist.<\/strong><\/span><\/p>\n<p>&nbsp;<\/p>\n<p><span style=\"font-size: 1.2rem; line-height: 1.2;\">\n<div class=\"wpcf7 no-js\" id=\"wpcf7-f96-o1\" lang=\"de-DE\" dir=\"ltr\">\n<div class=\"screen-reader-response\"><p role=\"status\" aria-live=\"polite\" aria-atomic=\"true\"><\/p> <ul><\/ul><\/div>\n<form action=\"\/index.php\/wp-json\/wp\/v2\/pages\/201#wpcf7-f96-o1\" method=\"post\" class=\"wpcf7-form init\" aria-label=\"Kontaktformular\" novalidate=\"novalidate\" data-status=\"init\">\n<div style=\"display: none;\">\n<input type=\"hidden\" name=\"_wpcf7\" value=\"96\" \/>\n<input type=\"hidden\" name=\"_wpcf7_version\" value=\"5.9.8\" \/>\n<input type=\"hidden\" name=\"_wpcf7_locale\" value=\"de_DE\" \/>\n<input type=\"hidden\" name=\"_wpcf7_unit_tag\" value=\"wpcf7-f96-o1\" \/>\n<input type=\"hidden\" name=\"_wpcf7_container_post\" value=\"0\" \/>\n<input type=\"hidden\" name=\"_wpcf7_posted_data_hash\" value=\"\" \/>\n<\/div>\n<p>Ihr Name (Pflichtfeld)\n<\/p>\n<p><span class=\"wpcf7-form-control-wrap\" data-name=\"your-name\"><input size=\"40\" maxlength=\"400\" class=\"wpcf7-form-control wpcf7-text wpcf7-validates-as-required\" aria-required=\"true\" aria-invalid=\"false\" value=\"\" type=\"text\" name=\"your-name\" \/><\/span>\n<\/p>\n<p>Ihre E-Mail-Adresse (Pflichtfeld)\n<\/p>\n<p><span class=\"wpcf7-form-control-wrap\" data-name=\"your-email\"><input size=\"40\" maxlength=\"400\" class=\"wpcf7-form-control wpcf7-email wpcf7-validates-as-required wpcf7-text wpcf7-validates-as-email\" aria-required=\"true\" aria-invalid=\"false\" value=\"\" type=\"email\" name=\"your-email\" \/><\/span>\n<\/p>\n\n<!--\n<p>Betreff<br \/>\n    <span class=\"wpcf7-form-control-wrap\" data-name=\"your-subject\"><input size=\"40\" maxlength=\"400\" class=\"wpcf7-form-control wpcf7-text\" aria-invalid=\"false\" value=\"\" type=\"text\" name=\"your-subject\" \/><\/span> <\/p> \nKGR: hab es auskommentiert -->\n<p>Ihre Nachricht\n<\/p>\n<p><span class=\"wpcf7-form-control-wrap\" data-name=\"your-message\"><textarea cols=\"40\" rows=\"10\" maxlength=\"2000\" class=\"wpcf7-form-control wpcf7-textarea\" aria-invalid=\"false\" name=\"your-message\"><\/textarea><\/span>\n<\/p>\n<p>Bitte geben Sie folgenden Code ein (aus Schutzgr\u00fcnden vor Spam) bevor Sie auf \"Senden\" klicken: <input type=\"hidden\" name=\"_wpcf7_captcha_challenge_captcha-886\" value=\"413121357\" \/><img loading=\"lazy\" decoding=\"async\" class=\"wpcf7-form-control wpcf7-captchac wpcf7-captcha-captcha-886\" width=\"72\" height=\"24\" alt=\"captcha\" src=\"https:\/\/www.psychotherapie-fackler.de\/wp-content\/uploads\/wpcf7_captcha\/413121357.png\" \/>\n<\/p>\n<p><span class=\"wpcf7-form-control-wrap\" data-name=\"captcha-886\"><input size=\"40\" class=\"wpcf7-form-control wpcf7-captchar\" autocomplete=\"off\" aria-invalid=\"false\" value=\"\" type=\"text\" name=\"captcha-886\" \/><\/span>\n<\/p>\n<p><input class=\"wpcf7-form-control wpcf7-submit has-spinner\" type=\"submit\" value=\"Senden\" \/>\n<\/p><div class=\"wpcf7-response-output\" aria-hidden=\"true\"><\/div>\n<\/form>\n<\/div>\n<\/span><\/p>\n","protected":false},"excerpt":{"rendered":"<p>Ihre Daten werden selbstverst\u00e4ndlich vertraulich behandelt und nicht an Dritte weitergegeben. Ihre Email-Adresse ausschlie\u00dflich f\u00fcr die Korrespondenz mit Ihnen verwendet. Eine Weitergabe an Dritte erfolgt nicht. Dennoch weise ich darauf hin, dass ein l\u00fcckenloser Schutz der Daten vor dem Zugriff durch Dritte im Internet nicht m\u00f6glich ist. &nbsp;<\/p>\n","protected":false},"author":1,"featured_media":0,"parent":98,"menu_order":0,"comment_status":"closed","ping_status":"closed","template":"","meta":{"footnotes":""},"class_list":["post-201","page","type-page","status-publish","hentry"],"yoast_head":"<!-- This site is optimized with the Yoast SEO plugin v23.6 - https:\/\/yoast.com\/wordpress\/plugins\/seo\/ -->\n<title>Kontaktformular - Praxis f\u00fcr Psychotherapie &amp; Coaching in K\u00f6ln<\/title>\n<meta name=\"robots\" content=\"index, follow, max-snippet:-1, max-image-preview:large, max-video-preview:-1\" \/>\n<link rel=\"canonical\" href=\"https:\/\/www.psychotherapie-fackler.de\/index.php\/kontakt\/kontaktformular\/\" \/>\n<script type=\"application\/ld+json\" class=\"yoast-schema-graph\">{\"@context\":\"https:\/\/schema.org\",\"@graph\":[{\"@type\":\"WebPage\",\"@id\":\"https:\/\/www.psychotherapie-fackler.de\/index.php\/kontakt\/kontaktformular\/\",\"url\":\"https:\/\/www.psychotherapie-fackler.de\/index.php\/kontakt\/kontaktformular\/\",\"name\":\"Kontaktformular - Praxis f\u00fcr Psychotherapie &amp; Coaching in K\u00f6ln\",\"isPartOf\":{\"@id\":\"https:\/\/www.psychotherapie-fackler.de\/#website\"},\"datePublished\":\"2014-01-27T23:00:08+00:00\",\"dateModified\":\"2018-05-26T16:57:19+00:00\",\"breadcrumb\":{\"@id\":\"https:\/\/www.psychotherapie-fackler.de\/index.php\/kontakt\/kontaktformular\/#breadcrumb\"},\"inLanguage\":\"de\",\"potentialAction\":[{\"@type\":\"ReadAction\",\"target\":[\"https:\/\/www.psychotherapie-fackler.de\/index.php\/kontakt\/kontaktformular\/\"]}]},{\"@type\":\"BreadcrumbList\",\"@id\":\"https:\/\/www.psychotherapie-fackler.de\/index.php\/kontakt\/kontaktformular\/#breadcrumb\",\"itemListElement\":[{\"@type\":\"ListItem\",\"position\":1,\"name\":\"Startseite\",\"item\":\"https:\/\/www.psychotherapie-fackler.de\/\"},{\"@type\":\"ListItem\",\"position\":2,\"name\":\"Kontakt\",\"item\":\"https:\/\/www.psychotherapie-fackler.de\/index.php\/kontakt\/\"},{\"@type\":\"ListItem\",\"position\":3,\"name\":\"Kontaktformular\"}]},{\"@type\":\"WebSite\",\"@id\":\"https:\/\/www.psychotherapie-fackler.de\/#website\",\"url\":\"https:\/\/www.psychotherapie-fackler.de\/\",\"name\":\"Praxis f\u00fcr Psychotherapie &amp; Coaching in K\u00f6ln\",\"description\":\"\",\"potentialAction\":[{\"@type\":\"SearchAction\",\"target\":{\"@type\":\"EntryPoint\",\"urlTemplate\":\"https:\/\/www.psychotherapie-fackler.de\/?s={search_term_string}\"},\"query-input\":{\"@type\":\"PropertyValueSpecification\",\"valueRequired\":true,\"valueName\":\"search_term_string\"}}],\"inLanguage\":\"de\"}]}<\/script>\n<!-- \/ Yoast SEO plugin. -->","yoast_head_json":{"title":"Kontaktformular - Praxis f\u00fcr Psychotherapie &amp; Coaching in K\u00f6ln","robots":{"index":"index","follow":"follow","max-snippet":"max-snippet:-1","max-image-preview":"max-image-preview:large","max-video-preview":"max-video-preview:-1"},"canonical":"https:\/\/www.psychotherapie-fackler.de\/index.php\/kontakt\/kontaktformular\/","schema":{"@context":"https:\/\/schema.org","@graph":[{"@type":"WebPage","@id":"https:\/\/www.psychotherapie-fackler.de\/index.php\/kontakt\/kontaktformular\/","url":"https:\/\/www.psychotherapie-fackler.de\/index.php\/kontakt\/kontaktformular\/","name":"Kontaktformular - Praxis f\u00fcr Psychotherapie &amp; Coaching in K\u00f6ln","isPartOf":{"@id":"https:\/\/www.psychotherapie-fackler.de\/#website"},"datePublished":"2014-01-27T23:00:08+00:00","dateModified":"2018-05-26T16:57:19+00:00","breadcrumb":{"@id":"https:\/\/www.psychotherapie-fackler.de\/index.php\/kontakt\/kontaktformular\/#breadcrumb"},"inLanguage":"de","potentialAction":[{"@type":"ReadAction","target":["https:\/\/www.psychotherapie-fackler.de\/index.php\/kontakt\/kontaktformular\/"]}]},{"@type":"BreadcrumbList","@id":"https:\/\/www.psychotherapie-fackler.de\/index.php\/kontakt\/kontaktformular\/#breadcrumb","itemListElement":[{"@type":"ListItem","position":1,"name":"Startseite","item":"https:\/\/www.psychotherapie-fackler.de\/"},{"@type":"ListItem","position":2,"name":"Kontakt","item":"https:\/\/www.psychotherapie-fackler.de\/index.php\/kontakt\/"},{"@type":"ListItem","position":3,"name":"Kontaktformular"}]},{"@type":"WebSite","@id":"https:\/\/www.psychotherapie-fackler.de\/#website","url":"https:\/\/www.psychotherapie-fackler.de\/","name":"Praxis f\u00fcr Psychotherapie &amp; Coaching in K\u00f6ln","description":"","potentialAction":[{"@type":"SearchAction","target":{"@type":"EntryPoint","urlTemplate":"https:\/\/www.psychotherapie-fackler.de\/?s={search_term_string}"},"query-input":{"@type":"PropertyValueSpecification","valueRequired":true,"valueName":"search_term_string"}}],"inLanguage":"de"}]}},"_links":{"self":[{"href":"https:\/\/www.psychotherapie-fackler.de\/index.php\/wp-json\/wp\/v2\/pages\/201"}],"collection":[{"href":"https:\/\/www.psychotherapie-fackler.de\/index.php\/wp-json\/wp\/v2\/pages"}],"about":[{"href":"https:\/\/www.psychotherapie-fackler.de\/index.php\/wp-json\/wp\/v2\/types\/page"}],"author":[{"embeddable":true,"href":"https:\/\/www.psychotherapie-fackler.de\/index.php\/wp-json\/wp\/v2\/users\/1"}],"replies":[{"embeddable":true,"href":"https:\/\/www.psychotherapie-fackler.de\/index.php\/wp-json\/wp\/v2\/comments?post=201"}],"version-history":[{"count":7,"href":"https:\/\/www.psychotherapie-fackler.de\/index.php\/wp-json\/wp\/v2\/pages\/201\/revisions"}],"predecessor-version":[{"id":457,"href":"https:\/\/www.psychotherapie-fackler.de\/index.php\/wp-json\/wp\/v2\/pages\/201\/revisions\/457"}],"up":[{"embeddable":true,"href":"https:\/\/www.psychotherapie-fackler.de\/index.php\/wp-json\/wp\/v2\/pages\/98"}],"wp:attachment":[{"href":"https:\/\/www.psychotherapie-fackler.de\/index.php\/wp-json\/wp\/v2\/media?parent=201"}],"curies":[{"name":"wp","href":"https:\/\/api.w.org\/{rel}","templated":true}]}}