{"id":25,"date":"2014-01-11T22:06:00","date_gmt":"2014-01-11T20:06:00","guid":{"rendered":"http:\/\/maurice.aspekte.net\/?page_id=25"},"modified":"2021-02-21T13:48:10","modified_gmt":"2021-02-21T12:48:10","slug":"ueber-mich","status":"publish","type":"page","link":"https:\/\/www.psychotherapie-fackler.de\/index.php\/ueber-mich\/","title":{"rendered":"\u00dcber mich"},"content":{"rendered":"<p><a href=\"..\/..\/wp-content\/uploads\/2014\/01\/Maurice-middle-size120-5-von-6.jpg\"><img loading=\"lazy\" decoding=\"async\" class=\"alignnone size-full wp-image-374\" src=\"..\/..\/wp-content\/uploads\/2014\/01\/Maurice-middle-size120-5-von-6.jpg\" alt=\"Maurice Fackler\" width=\"228\" height=\"152\" \/><\/a><\/p>\n<p><strong>Berufserfahrung<\/strong><\/p>\n<ul style=\"text-align: left;\">\n<li>seit<strong> 04.2014<\/strong>: Ambulante psychotherapeutische T\u00e4tigkeit in der Praxisgemeinschaft f\u00fcr Psychotherapie &amp; Coaching am Hohenstaufenring 39<\/li>\n<li>seit <strong>03.2014<\/strong>: ambulante psychotherapeutische T\u00e4tigkeit in der Hochschulambulanz der Universit\u00e4t zu K\u00f6ln<\/li>\n<li>seit <strong>10.2011 <\/strong>bis<strong> 04.2016<\/strong>: ambulante psychotherapeutische T\u00e4tigkeit in der Praxis Dr. med. C. Windelen \/ Dipl.-Psych. C. Lechmann<\/li>\n<li><strong>07.2011 <\/strong>bis<strong> 04.2016<\/strong>: ambulante psychotherapeutische T\u00e4tigkeit in der Praxis Dr. Dipl.-Psych. T. Kausch<\/li>\n<li><strong><strong>02.2011<\/strong><\/strong> bis<strong> <strong>04.2014<\/strong><\/strong>: freiberufliche T\u00e4tigkeit als Diplom-Psychologe im Autismustherapiezentrum Siegburg (mit Eltern- und Institutionsberatung)<\/li>\n<li><strong>10.2010<\/strong> bis<strong> 07.2011<\/strong>: \u201eEltern-Kind-Intensivtraining\u201c an der Universit\u00e4t zu K\u00f6ln (Anleitung unter Prof. Dr. G. Lauth und Frau Dipl.-Psych. J. D\u00fccomy)<\/li>\n<li><strong>01.2010<\/strong> bis <strong>12.2010<\/strong>: Psychiatriejahr bei der Evangelischen Stiftung Tannenhof in Remscheid (offene allgemein-psychiatrische Station)<\/li>\n<\/ul>\n<p style=\"text-align: left;\"><strong>Weitere Qualifikationen<\/strong><\/p>\n<ul style=\"text-align: left;\">\n<li>Weiterbildung zum Psychologischen Psychotherapeuten mit dem Schwerpunkt Verhaltenstherapie an der Akademie f\u00fcr Verhaltenstherapie (AVT) in K\u00f6ln<\/li>\n<li>Staatliche Approbation als Psychologischer Psychotherapeut mit Zusatzqualifikationen in der Anwendung \u00fcbender und suggestiver Techniken (Progressive Muskelrelaxation nach Jacobson, Autogenes Training nach Schultz, Hypnose)<\/li>\n<li>Fortbildungsseminare im Bereich Autismus, mit Schwerpunkt \u201eAsperger-Syndrom\u201c<\/li>\n<\/ul>\n<p style=\"text-align: left;\"><strong>Mitgliedschaften<\/strong><\/p>\n<ul style=\"text-align: left;\">\n<li>Eintrag in das Arztregister der Kassen\u00e4rztlichen Vereinigung Nordrhein (Arztregisternummer: 2782375)<\/li>\n<li>Mitglied in der Psychotherapeuten-Kammer NRW<\/li>\n<li>Mitglied in der Deutschen PsychotherapeutenVereinigung (DPtV)<\/li>\n<\/ul>\n<p style=\"text-align: left;\"><strong>Studium<\/strong><\/p>\n<ul>\n<li style=\"text-align: left;\">Studium der Psychologie an der Albert-Ludwigs-Universit\u00e4t Freiburg im Breisgau und an der Cardiff University (Wales);\u00a0Abschluss als Diplom-Psychologe (Dipl.-Psych.).<\/li>\n<\/ul>\n","protected":false},"excerpt":{"rendered":"<p>Berufserfahrung seit 04.2014: Ambulante psychotherapeutische T\u00e4tigkeit in der Praxisgemeinschaft f\u00fcr Psychotherapie &amp; Coaching am Hohenstaufenring 39 seit 03.2014: ambulante psychotherapeutische T\u00e4tigkeit in der Hochschulambulanz der Universit\u00e4t zu K\u00f6ln seit 10.2011 bis 04.2016: ambulante psychotherapeutische T\u00e4tigkeit in der Praxis Dr. med. C. Windelen \/ Dipl.-Psych. C. Lechmann 07.2011 bis 04.2016: ambulante psychotherapeutische T\u00e4tigkeit in der Praxis [&hellip;]<\/p>\n","protected":false},"author":1,"featured_media":0,"parent":0,"menu_order":0,"comment_status":"closed","ping_status":"closed","template":"","meta":{"footnotes":""},"class_list":["post-25","page","type-page","status-publish","hentry"],"yoast_head":"<!-- This site is optimized with the Yoast SEO plugin v27.4 - https:\/\/yoast.com\/product\/yoast-seo-wordpress\/ -->\n<title>\u00dcber mich - Praxis f\u00fcr Psychotherapie &amp; Coaching in K\u00f6ln<\/title>\n<meta name=\"description\" content=\"Vita: Studium, weitere Qualifikationen und Mitgliedschaften\" \/>\n<meta name=\"robots\" content=\"index, follow, max-snippet:-1, max-image-preview:large, max-video-preview:-1\" \/>\n<link rel=\"canonical\" href=\"https:\/\/www.psychotherapie-fackler.de\/index.php\/ueber-mich\/\" \/>\n<meta name=\"twitter:label1\" content=\"Gesch\u00e4tzte Lesezeit\" \/>\n\t<meta name=\"twitter:data1\" content=\"2\u00a0Minuten\" \/>\n<script type=\"application\/ld+json\" class=\"yoast-schema-graph\">{\"@context\":\"https:\\\/\\\/schema.org\",\"@graph\":[{\"@type\":\"WebPage\",\"@id\":\"https:\\\/\\\/www.psychotherapie-fackler.de\\\/index.php\\\/ueber-mich\\\/\",\"url\":\"https:\\\/\\\/www.psychotherapie-fackler.de\\\/index.php\\\/ueber-mich\\\/\",\"name\":\"\u00dcber mich - Praxis f\u00fcr Psychotherapie &amp; Coaching in K\u00f6ln\",\"isPartOf\":{\"@id\":\"https:\\\/\\\/www.psychotherapie-fackler.de\\\/#website\"},\"datePublished\":\"2014-01-11T20:06:00+00:00\",\"dateModified\":\"2021-02-21T12:48:10+00:00\",\"description\":\"Vita: Studium, weitere Qualifikationen und Mitgliedschaften\",\"breadcrumb\":{\"@id\":\"https:\\\/\\\/www.psychotherapie-fackler.de\\\/index.php\\\/ueber-mich\\\/#breadcrumb\"},\"inLanguage\":\"de\",\"potentialAction\":[{\"@type\":\"ReadAction\",\"target\":[\"https:\\\/\\\/www.psychotherapie-fackler.de\\\/index.php\\\/ueber-mich\\\/\"]}]},{\"@type\":\"BreadcrumbList\",\"@id\":\"https:\\\/\\\/www.psychotherapie-fackler.de\\\/index.php\\\/ueber-mich\\\/#breadcrumb\",\"itemListElement\":[{\"@type\":\"ListItem\",\"position\":1,\"name\":\"Startseite\",\"item\":\"https:\\\/\\\/www.psychotherapie-fackler.de\\\/\"},{\"@type\":\"ListItem\",\"position\":2,\"name\":\"\u00dcber mich\"}]},{\"@type\":\"WebSite\",\"@id\":\"https:\\\/\\\/www.psychotherapie-fackler.de\\\/#website\",\"url\":\"https:\\\/\\\/www.psychotherapie-fackler.de\\\/\",\"name\":\"Praxis f\u00fcr Psychotherapie &amp; Coaching in K\u00f6ln\",\"description\":\"\",\"potentialAction\":[{\"@type\":\"SearchAction\",\"target\":{\"@type\":\"EntryPoint\",\"urlTemplate\":\"https:\\\/\\\/www.psychotherapie-fackler.de\\\/?s={search_term_string}\"},\"query-input\":{\"@type\":\"PropertyValueSpecification\",\"valueRequired\":true,\"valueName\":\"search_term_string\"}}],\"inLanguage\":\"de\"}]}<\/script>\n<!-- \/ Yoast SEO plugin. -->","yoast_head_json":{"title":"\u00dcber mich - Praxis f\u00fcr Psychotherapie &amp; Coaching in K\u00f6ln","description":"Vita: Studium, weitere Qualifikationen und Mitgliedschaften","robots":{"index":"index","follow":"follow","max-snippet":"max-snippet:-1","max-image-preview":"max-image-preview:large","max-video-preview":"max-video-preview:-1"},"canonical":"https:\/\/www.psychotherapie-fackler.de\/index.php\/ueber-mich\/","twitter_misc":{"Gesch\u00e4tzte Lesezeit":"2\u00a0Minuten"},"schema":{"@context":"https:\/\/schema.org","@graph":[{"@type":"WebPage","@id":"https:\/\/www.psychotherapie-fackler.de\/index.php\/ueber-mich\/","url":"https:\/\/www.psychotherapie-fackler.de\/index.php\/ueber-mich\/","name":"\u00dcber mich - Praxis f\u00fcr Psychotherapie &amp; Coaching in K\u00f6ln","isPartOf":{"@id":"https:\/\/www.psychotherapie-fackler.de\/#website"},"datePublished":"2014-01-11T20:06:00+00:00","dateModified":"2021-02-21T12:48:10+00:00","description":"Vita: Studium, weitere Qualifikationen und Mitgliedschaften","breadcrumb":{"@id":"https:\/\/www.psychotherapie-fackler.de\/index.php\/ueber-mich\/#breadcrumb"},"inLanguage":"de","potentialAction":[{"@type":"ReadAction","target":["https:\/\/www.psychotherapie-fackler.de\/index.php\/ueber-mich\/"]}]},{"@type":"BreadcrumbList","@id":"https:\/\/www.psychotherapie-fackler.de\/index.php\/ueber-mich\/#breadcrumb","itemListElement":[{"@type":"ListItem","position":1,"name":"Startseite","item":"https:\/\/www.psychotherapie-fackler.de\/"},{"@type":"ListItem","position":2,"name":"\u00dcber mich"}]},{"@type":"WebSite","@id":"https:\/\/www.psychotherapie-fackler.de\/#website","url":"https:\/\/www.psychotherapie-fackler.de\/","name":"Praxis f\u00fcr Psychotherapie &amp; Coaching in K\u00f6ln","description":"","potentialAction":[{"@type":"SearchAction","target":{"@type":"EntryPoint","urlTemplate":"https:\/\/www.psychotherapie-fackler.de\/?s={search_term_string}"},"query-input":{"@type":"PropertyValueSpecification","valueRequired":true,"valueName":"search_term_string"}}],"inLanguage":"de"}]}},"_links":{"self":[{"href":"https:\/\/www.psychotherapie-fackler.de\/index.php\/wp-json\/wp\/v2\/pages\/25","targetHints":{"allow":["GET"]}}],"collection":[{"href":"https:\/\/www.psychotherapie-fackler.de\/index.php\/wp-json\/wp\/v2\/pages"}],"about":[{"href":"https:\/\/www.psychotherapie-fackler.de\/index.php\/wp-json\/wp\/v2\/types\/page"}],"author":[{"embeddable":true,"href":"https:\/\/www.psychotherapie-fackler.de\/index.php\/wp-json\/wp\/v2\/users\/1"}],"replies":[{"embeddable":true,"href":"https:\/\/www.psychotherapie-fackler.de\/index.php\/wp-json\/wp\/v2\/comments?post=25"}],"version-history":[{"count":36,"href":"https:\/\/www.psychotherapie-fackler.de\/index.php\/wp-json\/wp\/v2\/pages\/25\/revisions"}],"predecessor-version":[{"id":463,"href":"https:\/\/www.psychotherapie-fackler.de\/index.php\/wp-json\/wp\/v2\/pages\/25\/revisions\/463"}],"wp:attachment":[{"href":"https:\/\/www.psychotherapie-fackler.de\/index.php\/wp-json\/wp\/v2\/media?parent=25"}],"curies":[{"name":"wp","href":"https:\/\/api.w.org\/{rel}","templated":true}]}}