{"id":29,"date":"2014-01-11T22:08:03","date_gmt":"2014-01-11T20:08:03","guid":{"rendered":"http:\/\/maurice.aspekte.net\/?page_id=29"},"modified":"2015-12-15T18:18:20","modified_gmt":"2015-12-15T17:18:20","slug":"beratung-coaching","status":"publish","type":"page","link":"https:\/\/www.psychotherapie-fackler.de\/index.php\/beratung-coaching\/","title":{"rendered":"Beratung &#038; Coaching"},"content":{"rendered":"<p>Der Coach hat eine Beratungs- und Betreuungsfunktion, um Sie bei der Erreichung Ihrer pers\u00f6nlichen Ziele zu unterst\u00fctzen. Ebenso wie das Coaching ist die Beratung wenig lenkend und direktiv. Es geht darum individuelle Bed\u00fcrfnisse herauszuarbeiten und l\u00f6sungsorientiert unter Ber\u00fccksichtigung eigener St\u00e4rken und Ressourcen zu individuellen Zielen zu gelangen. Hier einige Beispiele, f\u00fcr welche sich Beratung bzw. Coaching eignen kann:<\/p>\n<p><img loading=\"lazy\" decoding=\"async\" class=\"alignleft size-full wp-image-338\" src=\"..\/..\/wp-content\/uploads\/2014\/01\/Maurice-low-size-4-von-6.jpg\" alt=\"Maurice Fackler\" width=\"127\" height=\"190\" \/><\/p>\n<ul>\n<li style=\"text-align: left;\">Pers\u00f6nliche Weiterentwicklung<\/li>\n<li style=\"text-align: left;\">Entscheidungsunsicherheit bei privaten oder beruflichen Fragen<\/li>\n<li style=\"text-align: left;\">Berufliche oder private Herausforderungen \/ Krisensituationen<\/li>\n<li style=\"text-align: left;\">Konflikte in der Partnerschaft\/ Ehe &#8211; Erziehungsberatung (z.B. bei verhaltensauff\u00e4lligen Kindern)<\/li>\n<li style=\"text-align: left;\">etc.<\/li>\n<\/ul>\n","protected":false},"excerpt":{"rendered":"<p>Der Coach hat eine Beratungs- und Betreuungsfunktion, um Sie bei der Erreichung Ihrer pers\u00f6nlichen Ziele zu unterst\u00fctzen. Ebenso wie das Coaching ist die Beratung wenig lenkend und direktiv. Es geht darum individuelle Bed\u00fcrfnisse herauszuarbeiten und l\u00f6sungsorientiert unter Ber\u00fccksichtigung eigener St\u00e4rken und Ressourcen zu individuellen Zielen zu gelangen. Hier einige Beispiele, f\u00fcr welche sich Beratung bzw. [&hellip;]<\/p>\n","protected":false},"author":1,"featured_media":0,"parent":0,"menu_order":0,"comment_status":"closed","ping_status":"closed","template":"","meta":{"footnotes":""},"class_list":["post-29","page","type-page","status-publish","hentry"],"yoast_head":"<!-- This site is optimized with the Yoast SEO plugin v23.6 - https:\/\/yoast.com\/wordpress\/plugins\/seo\/ -->\n<title>Beratung &amp; Coaching zur pers\u00f6nlichen Weiterentwicklung<\/title>\n<meta name=\"description\" content=\"Es geht darum individuelle Bed\u00fcrfnisse herauszuarbeiten und unter Ber\u00fccksichtigung eigener St\u00e4rken und Ressourcen diese Ziele zu erreichen.\" \/>\n<meta name=\"robots\" content=\"index, follow, max-snippet:-1, max-image-preview:large, max-video-preview:-1\" \/>\n<link rel=\"canonical\" href=\"https:\/\/www.psychotherapie-fackler.de\/index.php\/beratung-coaching\/\" \/>\n<script type=\"application\/ld+json\" class=\"yoast-schema-graph\">{\"@context\":\"https:\/\/schema.org\",\"@graph\":[{\"@type\":\"WebPage\",\"@id\":\"https:\/\/www.psychotherapie-fackler.de\/index.php\/beratung-coaching\/\",\"url\":\"https:\/\/www.psychotherapie-fackler.de\/index.php\/beratung-coaching\/\",\"name\":\"Beratung & Coaching zur pers\u00f6nlichen Weiterentwicklung\",\"isPartOf\":{\"@id\":\"https:\/\/www.psychotherapie-fackler.de\/#website\"},\"datePublished\":\"2014-01-11T20:08:03+00:00\",\"dateModified\":\"2015-12-15T17:18:20+00:00\",\"description\":\"Es geht darum individuelle Bed\u00fcrfnisse herauszuarbeiten und unter Ber\u00fccksichtigung eigener St\u00e4rken und Ressourcen diese Ziele zu erreichen.\",\"breadcrumb\":{\"@id\":\"https:\/\/www.psychotherapie-fackler.de\/index.php\/beratung-coaching\/#breadcrumb\"},\"inLanguage\":\"de\",\"potentialAction\":[{\"@type\":\"ReadAction\",\"target\":[\"https:\/\/www.psychotherapie-fackler.de\/index.php\/beratung-coaching\/\"]}]},{\"@type\":\"BreadcrumbList\",\"@id\":\"https:\/\/www.psychotherapie-fackler.de\/index.php\/beratung-coaching\/#breadcrumb\",\"itemListElement\":[{\"@type\":\"ListItem\",\"position\":1,\"name\":\"Startseite\",\"item\":\"https:\/\/www.psychotherapie-fackler.de\/\"},{\"@type\":\"ListItem\",\"position\":2,\"name\":\"Beratung &#038; Coaching\"}]},{\"@type\":\"WebSite\",\"@id\":\"https:\/\/www.psychotherapie-fackler.de\/#website\",\"url\":\"https:\/\/www.psychotherapie-fackler.de\/\",\"name\":\"Praxis f\u00fcr Psychotherapie &amp; Coaching in K\u00f6ln\",\"description\":\"\",\"potentialAction\":[{\"@type\":\"SearchAction\",\"target\":{\"@type\":\"EntryPoint\",\"urlTemplate\":\"https:\/\/www.psychotherapie-fackler.de\/?s={search_term_string}\"},\"query-input\":{\"@type\":\"PropertyValueSpecification\",\"valueRequired\":true,\"valueName\":\"search_term_string\"}}],\"inLanguage\":\"de\"}]}<\/script>\n<!-- \/ Yoast SEO plugin. -->","yoast_head_json":{"title":"Beratung & Coaching zur pers\u00f6nlichen Weiterentwicklung","description":"Es geht darum individuelle Bed\u00fcrfnisse herauszuarbeiten und unter Ber\u00fccksichtigung eigener St\u00e4rken und Ressourcen diese Ziele zu erreichen.","robots":{"index":"index","follow":"follow","max-snippet":"max-snippet:-1","max-image-preview":"max-image-preview:large","max-video-preview":"max-video-preview:-1"},"canonical":"https:\/\/www.psychotherapie-fackler.de\/index.php\/beratung-coaching\/","schema":{"@context":"https:\/\/schema.org","@graph":[{"@type":"WebPage","@id":"https:\/\/www.psychotherapie-fackler.de\/index.php\/beratung-coaching\/","url":"https:\/\/www.psychotherapie-fackler.de\/index.php\/beratung-coaching\/","name":"Beratung & Coaching zur pers\u00f6nlichen Weiterentwicklung","isPartOf":{"@id":"https:\/\/www.psychotherapie-fackler.de\/#website"},"datePublished":"2014-01-11T20:08:03+00:00","dateModified":"2015-12-15T17:18:20+00:00","description":"Es geht darum individuelle Bed\u00fcrfnisse herauszuarbeiten und unter Ber\u00fccksichtigung eigener St\u00e4rken und Ressourcen diese Ziele zu erreichen.","breadcrumb":{"@id":"https:\/\/www.psychotherapie-fackler.de\/index.php\/beratung-coaching\/#breadcrumb"},"inLanguage":"de","potentialAction":[{"@type":"ReadAction","target":["https:\/\/www.psychotherapie-fackler.de\/index.php\/beratung-coaching\/"]}]},{"@type":"BreadcrumbList","@id":"https:\/\/www.psychotherapie-fackler.de\/index.php\/beratung-coaching\/#breadcrumb","itemListElement":[{"@type":"ListItem","position":1,"name":"Startseite","item":"https:\/\/www.psychotherapie-fackler.de\/"},{"@type":"ListItem","position":2,"name":"Beratung &#038; Coaching"}]},{"@type":"WebSite","@id":"https:\/\/www.psychotherapie-fackler.de\/#website","url":"https:\/\/www.psychotherapie-fackler.de\/","name":"Praxis f\u00fcr Psychotherapie &amp; Coaching in K\u00f6ln","description":"","potentialAction":[{"@type":"SearchAction","target":{"@type":"EntryPoint","urlTemplate":"https:\/\/www.psychotherapie-fackler.de\/?s={search_term_string}"},"query-input":{"@type":"PropertyValueSpecification","valueRequired":true,"valueName":"search_term_string"}}],"inLanguage":"de"}]}},"_links":{"self":[{"href":"https:\/\/www.psychotherapie-fackler.de\/index.php\/wp-json\/wp\/v2\/pages\/29"}],"collection":[{"href":"https:\/\/www.psychotherapie-fackler.de\/index.php\/wp-json\/wp\/v2\/pages"}],"about":[{"href":"https:\/\/www.psychotherapie-fackler.de\/index.php\/wp-json\/wp\/v2\/types\/page"}],"author":[{"embeddable":true,"href":"https:\/\/www.psychotherapie-fackler.de\/index.php\/wp-json\/wp\/v2\/users\/1"}],"replies":[{"embeddable":true,"href":"https:\/\/www.psychotherapie-fackler.de\/index.php\/wp-json\/wp\/v2\/comments?post=29"}],"version-history":[{"count":15,"href":"https:\/\/www.psychotherapie-fackler.de\/index.php\/wp-json\/wp\/v2\/pages\/29\/revisions"}],"predecessor-version":[{"id":438,"href":"https:\/\/www.psychotherapie-fackler.de\/index.php\/wp-json\/wp\/v2\/pages\/29\/revisions\/438"}],"wp:attachment":[{"href":"https:\/\/www.psychotherapie-fackler.de\/index.php\/wp-json\/wp\/v2\/media?parent=29"}],"curies":[{"name":"wp","href":"https:\/\/api.w.org\/{rel}","templated":true}]}}