{"id":85,"date":"2014-01-12T01:32:37","date_gmt":"2014-01-11T23:32:37","guid":{"rendered":"http:\/\/maurice.aspekte.net\/?page_id=85"},"modified":"2024-10-19T21:23:57","modified_gmt":"2024-10-19T20:23:57","slug":"ablauf-kosten","status":"publish","type":"page","link":"https:\/\/www.psychotherapie-fackler.de\/index.php\/ablauf-kosten\/","title":{"rendered":"Ablauf &#038; Kosten"},"content":{"rendered":"<p><strong>Ablauf<\/strong><\/p>\n<div class=\"cubetech-accordion-container cubetech-accordion-single\">\n\t\t\t<div class=\"cubetech-accordion\">\n\t\t\t\t<h2 class=\"cubetech-accordion-title\">Ablauf (Psychotherapie)&nbsp;&nbsp;-&nbsp;&nbsp;<font face=\"arial, helvetica\" size=\"-1\">hier klicken<\/font><i class=\"toggle-down fa-icon-caret-down\"><\/i><i class=\"toggle-up fa-icon-caret-up\"><\/i><\/h2>\n\t\t\t\t<div class=\"cubetech-accordion-content\"><p>Zun\u00e4chst findet in der Regel nach Kontaktaufnahme m\u00f6glichst zeitnah die sogenannte &#8220;Psychotherapeutische Sprechstunde&#8221; statt. In bis zu drei Gespr\u00e4chen (\u00e1 50min) wird abgekl\u00e4rt, ob ein Verdacht auf eine psychische Krankheit vorliegt, Sie eine Richtlinienpsychotherapie ben\u00f6tigen oder ob Ihnen andere Unterst\u00fctzungs- und Beratungsangebote (zum Beispiel eine Familienberatungsstelle) helfen k\u00f6nnen. Sie haben die M\u00f6glichkeit, Fragen zu stellen, welche ich zu beantworten versuche und das weitere Vorgehen wird besprochen. Danach oder auch direkt (je nach formalem Ablauf) finden nach Beantragung gew\u00f6hnlich vier \u201eprobatorische Sitzungen\u201c (\u201eProbesitzungen\u201c) statt, welche zum Verstehen Ihrer Symptomatik, der Diagnosefindung und Therapieplanung dienen sowie auch zum gegenseitigen Kennenlernen. Je nach den Bedingungen Ihrer Versicherung (wenn nicht Selbstzahler) kann es nach den vier Sitzungen notwendig sein, dass ich einen ausf\u00fchrlichen Bericht f\u00fcr einen externen Gutachter verfasse, wodurch es zu einigen Wochen Wartezeit bis zur m\u00f6glichen Bewilligung und Therapiebeginn kommen kann. Die Therapiedauer und Sitzungsfrequenz variieren ja nach Art, Dauer und Tiefe Ihrer Symptomatik. Der Behandlungsumfang betr\u00e4gt zumeist 12 bis 24 Sitzungen bei einer Kurzzeitbehandlung (KZT) und 60 Sitzungen bei einer Langzeittherapie (LZT). Eine einzelne Sitzung dauert 50 Minuten und findet in der Regel w\u00f6chentlich statt. Die KZT ist auch in eine LZT umwandelbar und die LZT um 20 Sitzungen verl\u00e4ngerbar.<\/p>\n<\/div>\n\t\t\t<\/div>\n\t\t\t<div class=\"cubetech-accordion\">\n\t\t\t\t<h2 class=\"cubetech-accordion-title\">Ablauf (Beratung oder Coaching)&nbsp;&nbsp;-&nbsp;&nbsp;<font face=\"arial, helvetica\" size=\"-1\">hier klicken<\/font><i class=\"toggle-down fa-icon-caret-down\"><\/i><i class=\"toggle-up fa-icon-caret-up\"><\/i><\/h2>\n\t\t\t\t<div class=\"cubetech-accordion-content\"><p>Wie beim Ablauf f\u00fcr die Psychotherapie findet zun\u00e4chst ein Erstgespr\u00e4ch statt, bei dem es um Ihr Anliegen geht. Dabei soll die Frage gekl\u00e4rt werden, ob und wie ich Ihnen behilflich sein kann. Auch finde ich es wichtig, sich zun\u00e4chst pers\u00f6nlich kennen zu lernen, um entscheiden zu k\u00f6nnen, ob Sie sich eine Zusammenarbeit mit mir vorstellen k\u00f6nnen und umgekehrt.<\/p>\n<\/div>\n\t\t\t<\/div><\/div>\n<p><strong>Kosten (Psychotherapie)<\/strong><\/p>\n<p><span style=\"font-size: 1.6rem; line-height: 1.6;\">In meiner Privatpraxis behandle ich Selbstzahler, Privatversicherte, Beihilfeberechtigte sowie gesetzlich Versicherte. Grunds\u00e4tzlich orientieren sich die Honorare f\u00fcr die Psychotherapie bei Selbstzahlern und Privatversicherten und Beihilfeberechtigten an der \u201eGOP\u201c bzw. der \u201eGO\u00c4\u201c (Geb\u00fchrenordnung f\u00fcr Psychologische Psychotherapeuten bzw. Geb\u00fchrenordnung f\u00fcr \u00c4rzte).<\/span><\/p>\n<p>F\u00fcr gesetzlich Versicherte werden die Kosten nach dem einheitlichen Bewertungsma\u00dfstab (EBM) abgerechnet. Diese Kosten werden von den gesetzlichen Krankenkassen bei vorliegenden &#8220;St\u00f6rungen mit Krankheitswert&#8221; komplett \u00fcbernommen.<\/p>\n<p>Im Folgenden dazu mehr:<\/p>\n<div class=\"cubetech-accordion-container\">\n\t\t\t<div class=\"cubetech-accordion\">\n\t\t\t\t<h2 class=\"cubetech-accordion-title\">Gesetzlich Versicherte&nbsp;&nbsp;-&nbsp;&nbsp;<font face=\"arial, helvetica\" size=\"-1\">hier klicken<\/font><i class=\"toggle-down fa-icon-caret-down\"><\/i><i class=\"toggle-up fa-icon-caret-up\"><\/i><\/h2>\n\t\t\t\t<div class=\"cubetech-accordion-content\"><p>Da eine vertragliche Bindung an die kassen\u00e4rztliche Vereinigung besteht, kann ich direkt mit den gesetzlichen Krankenkassen abrechnen. Zun\u00e4chst kann in einer bis zu drei Sitzungen die &#8220;Psychologische Sprechstunde&#8221; (Kl\u00e4rung der Indikation) und ggfs. im Anschluss 4 &#8220;Probesitzungen&#8221; (=Probatorik) abgerechnet werden. Im Rahmen dieser Sitzungen muss ein sogenannter &#8220;Konsiliarbericht&#8221; vom Hausarzt oder anderem Facharzt vorgelegt werden, der dazu dient, abzukl\u00e4ren, ob eine k\u00f6rperliche Ursache f\u00fcr die Symptomatik besteht und die psychotherapeutische Behandlung indiziert (angezeigt) ist. Dann erfolgt ein Bericht an den Gutachter meinerseits, der einige Wochen zur Pr\u00fcfung bedarf bis die Therapie in der Regel fortgef\u00fchrt werden kann.<\/p>\n<\/div>\n\t\t\t<\/div>\n\t\t\t<div class=\"cubetech-accordion\">\n\t\t\t\t<h2 class=\"cubetech-accordion-title\">Privatversicherte, Beihilfeberechtigte&nbsp;&nbsp;-&nbsp;&nbsp;<font face=\"arial, helvetica\" size=\"-1\">hier klicken<\/font><i class=\"toggle-down fa-icon-caret-down\"><\/i><i class=\"toggle-up fa-icon-caret-up\"><\/i><\/h2>\n\t\t\t\t<div class=\"cubetech-accordion-content\"><p>Das Honorar f\u00fcr eine psychotherapeutische Sitzung richtet sich nach der aktuell g\u00fcltigen Geb\u00fchrenordnung f\u00fcr Psychologische Psychotherapeuten (GOP Ziffer 870, 3,0-facher Regelsteigerungssatz) und wird derzeit mit 131,16 Euro pro Therapieeinheit (50 min) in Rechnung gestellt.<\/p>\n<p>Dazu kommen gegebenenfalls diagnostische oder andere Leistungen. Abh\u00e4ngig vom individuellen Vertrag des Versicherten erstatten private Krankenversicherungen bei Vorliegen einer Indikation (also einer begr\u00fcndeten Diagnose) die Kosten einer Psychotherapie in der Regel ganz oder teilweise. Die Beihilfe erstattet \u00fcblicherweise anteilig Kosten einer psychotherapeutischen Behandlung. Bitte erkundigen Sie sich in jedem Fall vor dem Erstgespr\u00e4ch bzw. vor dem Beginn der Therapie, ob und in welchem Umfang Ihre private Krankenversicherung bzw. die Beihilfestelle die Kosten f\u00fcr die Behandlung bei einem Psychologischen Psychotherapeuten \u00fcbernimmt, mit welcher Anzahl an Sitzungen und ob ein entsprechender Antrag notwendig ist. Lassen Sie sich die n\u00f6tigen Formulare f\u00fcr die Beantragung der Psychotherapie zuschicken.<\/p>\n<p>Die Beihilfe sowie einige private Versicherungen erwarten nach den ersten f\u00fcnf Sitzungen (Probatorik) einen ausf\u00fchrlichen Antrag auf Kosten\u00fcbernahme weiterer Sitzungen, was sich auf den Therapieverlauf auswirken kann.<\/p>\n<\/div>\n\t\t\t<\/div>\n\t\t\t<div class=\"cubetech-accordion\">\n\t\t\t\t<h2 class=\"cubetech-accordion-title\">Spezielle Versicherer&nbsp;&nbsp;-&nbsp;&nbsp;<font face=\"arial, helvetica\" size=\"-1\">hier klicken<\/font><i class=\"toggle-down fa-icon-caret-down\"><\/i><i class=\"toggle-up fa-icon-caret-up\"><\/i><\/h2>\n\t\t\t\t<div class=\"cubetech-accordion-content\"><p><em>(Berufsgenossenschaften \/ Gesetzliche Unfallversicherungen \/ Freie Heilf\u00fcrsorge, etc.) <\/em><\/p>\n<p>Ist die psychische Symptomatik in einem beruflichen Zusammenhang ausgel\u00f6st worden, k\u00f6nnen auch die Berufsgenossenschaften die Kosten f\u00fcr eine Psychotherapie \u00fcbernehmen. Als Beamte in Justizvollzugsanstalten, der Berufsfeuerwehren, sowie als Vollzugsbeamte des Bundesgrenzschutzes oder der Polizei erhalten Sie die freie Heilf\u00fcrsorge und k\u00f6nnen eine ambulante Psychotherapie in Anspruch nehmen.<\/p>\n<p>Allgemein empfehle ich Ihnen, vor Behandlungsbeginn mit der f\u00fcr Sie zust\u00e4ndigen Stelle Kontakt aufzunehmen und sich nach Ihren individuellen Modalit\u00e4ten zu erkundigen. Lassen Sie sich notwendige Formulare zuschicken und kl\u00e4ren Sie ab, was Sie zur Beantragung der Kosten\u00fcbernahme ben\u00f6tigen. Ich unterst\u00fctze Sie gerne dabei.<\/p>\n<\/div>\n\t\t\t<\/div>\n\t\t\t<div class=\"cubetech-accordion\">\n\t\t\t\t<h2 class=\"cubetech-accordion-title\">Selbstzahler&nbsp;&nbsp;-&nbsp;&nbsp;<font face=\"arial, helvetica\" size=\"-1\">hier klicken<\/font><i class=\"toggle-down fa-icon-caret-down\"><\/i><i class=\"toggle-up fa-icon-caret-up\"><\/i><\/h2>\n\t\t\t\t<div class=\"cubetech-accordion-content\"><p>Selbstverst\u00e4ndlich besteht auch jederzeit die M\u00f6glichkeit, die Kosten f\u00fcr die Therapie selbst zu \u00fcbernehmen. Wie oben schon erw\u00e4hnt, richtet sich diese nach der Geb\u00fchrenordnung der Psychologischen Psychotherapeuten (GOP Ziffer 870, 3,0-facher Regelsteigerungssatz) und wird derzeit mit 131,16 Euro pro Therapieeinheit (50 min) in Rechnung gestellt.\u00a0In Hartef\u00e4llen kann das Honorar aus Kulanz aber auch individuell an den Regelsatz der gesetzlichen Krankenversicherungen (EBM) angepasst werden.<\/p>\n<p>Wichtig zu wissen ist, dass es einige Vorteile als Selbstzahler gibt, die gegebenenfalls von gro\u00dfer Relevanz f\u00fcr Sie sein k\u00f6nnten. Wenn offiziell eine Psychotherapie gemacht wurde (Daten an die Krankenkasse weitergegeben wurden), kann es leider zu Nachteilen bei einem sp\u00e4teren Abschluss von Versicherungen kommen. Berufsunf\u00e4higkeitsversicherungen, Krankentagegeldversicherungen, Lebensversicherungen und private Krankenversicherungen kann man nach einer Psychotherapie entweder gar nicht oder nur noch mit betr\u00e4chtlichen Risikoaufschl\u00e4gen abschlie\u00dfen. Ebenso kann eine von der Krankenkasse finanzierte Psychotherapie mit entsprechend angelegter Krankenakte f\u00fcr die Verbeamtung eine Rolle spielen. Ein weiterer wichtiger Aspekt ist, dass Sie als Selbstzahler\u00a0\u00a0an keine Formalit\u00e4ten mit der Krankenkasse gebunden sind (kein Antragsverfahren, etc.) und demnach auch keine lange Wartezeiten haben.<\/p>\n<\/div>\n\t\t\t<\/div><\/div>\n<p><strong>Kosten (Beratung bzw. Coaching)<\/strong><\/p>\n<p>Coaching\/ Beratung ist kein Verfahren zur Behandlung einer psychischen Krankheit, sodass die Kosten hierf\u00fcr nicht von den Krankenkassen \u00fcbernommen werden. Beratungssitzungen werden im Einzelfall vereinbart, lehnen sich jedoch ebenfalls an die Geb\u00fchrenordnung f\u00fcr Psychologische Psychotherapeuten (GOP) an.<\/p>\n","protected":false},"excerpt":{"rendered":"<p>Ablauf Kosten (Psychotherapie) In meiner Privatpraxis behandle ich Selbstzahler, Privatversicherte, Beihilfeberechtigte sowie gesetzlich Versicherte. Grunds\u00e4tzlich orientieren sich die Honorare f\u00fcr die Psychotherapie bei Selbstzahlern und Privatversicherten und Beihilfeberechtigten an der \u201eGOP\u201c bzw. der \u201eGO\u00c4\u201c (Geb\u00fchrenordnung f\u00fcr Psychologische Psychotherapeuten bzw. Geb\u00fchrenordnung f\u00fcr \u00c4rzte). F\u00fcr gesetzlich Versicherte werden die Kosten nach dem einheitlichen Bewertungsma\u00dfstab (EBM) abgerechnet. Diese [&hellip;]<\/p>\n","protected":false},"author":1,"featured_media":0,"parent":0,"menu_order":0,"comment_status":"closed","ping_status":"closed","template":"","meta":{"footnotes":""},"class_list":["post-85","page","type-page","status-publish","hentry"],"yoast_head":"<!-- This site is optimized with the Yoast SEO plugin v23.6 - https:\/\/yoast.com\/wordpress\/plugins\/seo\/ -->\n<title>Ablauf und Kosten<\/title>\n<meta name=\"description\" content=\"In meiner Privatpraxis behandle ich Selbstzahler, Privatversicherte, Beihilfeberechtigte sowie gesetzlich Versicherte (letzere \u00fcber das Kostenerstattungsverfahren).\" \/>\n<meta name=\"robots\" content=\"index, follow, max-snippet:-1, max-image-preview:large, max-video-preview:-1\" \/>\n<link rel=\"canonical\" href=\"https:\/\/www.psychotherapie-fackler.de\/index.php\/ablauf-kosten\/\" \/>\n<meta name=\"twitter:label1\" content=\"Gesch\u00e4tzte Lesezeit\" \/>\n\t<meta name=\"twitter:data1\" content=\"1\u00a0Minute\" \/>\n<script type=\"application\/ld+json\" class=\"yoast-schema-graph\">{\"@context\":\"https:\/\/schema.org\",\"@graph\":[{\"@type\":\"WebPage\",\"@id\":\"https:\/\/www.psychotherapie-fackler.de\/index.php\/ablauf-kosten\/\",\"url\":\"https:\/\/www.psychotherapie-fackler.de\/index.php\/ablauf-kosten\/\",\"name\":\"Ablauf und Kosten\",\"isPartOf\":{\"@id\":\"https:\/\/www.psychotherapie-fackler.de\/#website\"},\"datePublished\":\"2014-01-11T23:32:37+00:00\",\"dateModified\":\"2024-10-19T20:23:57+00:00\",\"description\":\"In meiner Privatpraxis behandle ich Selbstzahler, Privatversicherte, Beihilfeberechtigte sowie gesetzlich Versicherte (letzere \u00fcber das Kostenerstattungsverfahren).\",\"breadcrumb\":{\"@id\":\"https:\/\/www.psychotherapie-fackler.de\/index.php\/ablauf-kosten\/#breadcrumb\"},\"inLanguage\":\"de\",\"potentialAction\":[{\"@type\":\"ReadAction\",\"target\":[\"https:\/\/www.psychotherapie-fackler.de\/index.php\/ablauf-kosten\/\"]}]},{\"@type\":\"BreadcrumbList\",\"@id\":\"https:\/\/www.psychotherapie-fackler.de\/index.php\/ablauf-kosten\/#breadcrumb\",\"itemListElement\":[{\"@type\":\"ListItem\",\"position\":1,\"name\":\"Startseite\",\"item\":\"https:\/\/www.psychotherapie-fackler.de\/\"},{\"@type\":\"ListItem\",\"position\":2,\"name\":\"Ablauf &#038; Kosten\"}]},{\"@type\":\"WebSite\",\"@id\":\"https:\/\/www.psychotherapie-fackler.de\/#website\",\"url\":\"https:\/\/www.psychotherapie-fackler.de\/\",\"name\":\"Praxis f\u00fcr Psychotherapie &amp; Coaching in K\u00f6ln\",\"description\":\"\",\"potentialAction\":[{\"@type\":\"SearchAction\",\"target\":{\"@type\":\"EntryPoint\",\"urlTemplate\":\"https:\/\/www.psychotherapie-fackler.de\/?s={search_term_string}\"},\"query-input\":{\"@type\":\"PropertyValueSpecification\",\"valueRequired\":true,\"valueName\":\"search_term_string\"}}],\"inLanguage\":\"de\"}]}<\/script>\n<!-- \/ Yoast SEO plugin. -->","yoast_head_json":{"title":"Ablauf und Kosten","description":"In meiner Privatpraxis behandle ich Selbstzahler, Privatversicherte, Beihilfeberechtigte sowie gesetzlich Versicherte (letzere \u00fcber das Kostenerstattungsverfahren).","robots":{"index":"index","follow":"follow","max-snippet":"max-snippet:-1","max-image-preview":"max-image-preview:large","max-video-preview":"max-video-preview:-1"},"canonical":"https:\/\/www.psychotherapie-fackler.de\/index.php\/ablauf-kosten\/","twitter_misc":{"Gesch\u00e4tzte Lesezeit":"1\u00a0Minute"},"schema":{"@context":"https:\/\/schema.org","@graph":[{"@type":"WebPage","@id":"https:\/\/www.psychotherapie-fackler.de\/index.php\/ablauf-kosten\/","url":"https:\/\/www.psychotherapie-fackler.de\/index.php\/ablauf-kosten\/","name":"Ablauf und Kosten","isPartOf":{"@id":"https:\/\/www.psychotherapie-fackler.de\/#website"},"datePublished":"2014-01-11T23:32:37+00:00","dateModified":"2024-10-19T20:23:57+00:00","description":"In meiner Privatpraxis behandle ich Selbstzahler, Privatversicherte, Beihilfeberechtigte sowie gesetzlich Versicherte (letzere \u00fcber das Kostenerstattungsverfahren).","breadcrumb":{"@id":"https:\/\/www.psychotherapie-fackler.de\/index.php\/ablauf-kosten\/#breadcrumb"},"inLanguage":"de","potentialAction":[{"@type":"ReadAction","target":["https:\/\/www.psychotherapie-fackler.de\/index.php\/ablauf-kosten\/"]}]},{"@type":"BreadcrumbList","@id":"https:\/\/www.psychotherapie-fackler.de\/index.php\/ablauf-kosten\/#breadcrumb","itemListElement":[{"@type":"ListItem","position":1,"name":"Startseite","item":"https:\/\/www.psychotherapie-fackler.de\/"},{"@type":"ListItem","position":2,"name":"Ablauf &#038; Kosten"}]},{"@type":"WebSite","@id":"https:\/\/www.psychotherapie-fackler.de\/#website","url":"https:\/\/www.psychotherapie-fackler.de\/","name":"Praxis f\u00fcr Psychotherapie &amp; Coaching in K\u00f6ln","description":"","potentialAction":[{"@type":"SearchAction","target":{"@type":"EntryPoint","urlTemplate":"https:\/\/www.psychotherapie-fackler.de\/?s={search_term_string}"},"query-input":{"@type":"PropertyValueSpecification","valueRequired":true,"valueName":"search_term_string"}}],"inLanguage":"de"}]}},"_links":{"self":[{"href":"https:\/\/www.psychotherapie-fackler.de\/index.php\/wp-json\/wp\/v2\/pages\/85"}],"collection":[{"href":"https:\/\/www.psychotherapie-fackler.de\/index.php\/wp-json\/wp\/v2\/pages"}],"about":[{"href":"https:\/\/www.psychotherapie-fackler.de\/index.php\/wp-json\/wp\/v2\/types\/page"}],"author":[{"embeddable":true,"href":"https:\/\/www.psychotherapie-fackler.de\/index.php\/wp-json\/wp\/v2\/users\/1"}],"replies":[{"embeddable":true,"href":"https:\/\/www.psychotherapie-fackler.de\/index.php\/wp-json\/wp\/v2\/comments?post=85"}],"version-history":[{"count":28,"href":"https:\/\/www.psychotherapie-fackler.de\/index.php\/wp-json\/wp\/v2\/pages\/85\/revisions"}],"predecessor-version":[{"id":487,"href":"https:\/\/www.psychotherapie-fackler.de\/index.php\/wp-json\/wp\/v2\/pages\/85\/revisions\/487"}],"wp:attachment":[{"href":"https:\/\/www.psychotherapie-fackler.de\/index.php\/wp-json\/wp\/v2\/media?parent=85"}],"curies":[{"name":"wp","href":"https:\/\/api.w.org\/{rel}","templated":true}]}}